{"id":1496,"date":"2020-11-29T04:29:59","date_gmt":"2020-11-29T04:29:59","guid":{"rendered":"http:\/\/preview.gentechtreedesign.com\/repairer\/?page_id=1496"},"modified":"2024-09-08T14:20:39","modified_gmt":"2024-09-08T14:20:39","slug":"about-us","status":"publish","type":"page","link":"https:\/\/www.ckmtakimdolabi.com\/?page_id=1496","title":{"rendered":"Hakk\u0131m\u0131zda"},"content":{"rendered":"\t\t<div data-elementor-type=\"wp-page\" data-elementor-id=\"1496\" class=\"elementor elementor-1496\">\n\t\t\t\t\t\t<div class=\"elementor-section elementor-top-section elementor-element elementor-element-4b7b18a elementor-section-full_width elementor-section-stretched elementor-section-height-default elementor-section-height-default\" data-id=\"4b7b18a\" data-element_type=\"section\" data-e-type=\"section\" data-settings=\"{&quot;stretch_section&quot;:&quot;section-stretched&quot;}\">\n\t\t\t\t\t\t<div class=\"elementor-container elementor-column-gap-default\">\n\t\t\t\t\t<div class=\"elementor-column elementor-col-100 elementor-top-column elementor-element elementor-element-afa545e\" data-id=\"afa545e\" data-element_type=\"column\" data-e-type=\"column\">\n\t\t\t<div class=\"elementor-widget-wrap elementor-element-populated\">\n\t\t\t\t\t\t<div class=\"elementor-section elementor-inner-section elementor-element elementor-element-02cdd7c elementor-section-boxed elementor-section-height-default elementor-section-height-default\" data-id=\"02cdd7c\" data-element_type=\"section\" data-e-type=\"section\">\n\t\t\t\t\t\t<div class=\"elementor-container elementor-column-gap-default\">\n\t\t\t\t\t<div class=\"elementor-column elementor-col-50 elementor-inner-column elementor-element elementor-element-0669aa2\" data-id=\"0669aa2\" data-element_type=\"column\" data-e-type=\"column\">\n\t\t\t<div class=\"elementor-widget-wrap elementor-element-populated\">\n\t\t\t\t\t\t<div class=\"elementor-element elementor-element-777930c elementor-widget elementor-widget-image\" data-id=\"777930c\" data-element_type=\"widget\" data-e-type=\"widget\" data-widget_type=\"image.default\">\n\t\t\t\t<div class=\"elementor-widget-container\">\n\t\t\t\t\t\t\t\t\t\t\t\t\t\t\t<img fetchpriority=\"high\" decoding=\"async\" width=\"567\" height=\"602\" src=\"https:\/\/www.ckmtakimdolabi.com\/wp-content\/uploads\/2024\/09\/Ckm-Yaglama-Dolap.jpg\" class=\"attachment-full size-full wp-image-13566\" alt=\"\" srcset=\"https:\/\/www.ckmtakimdolabi.com\/wp-content\/uploads\/2024\/09\/Ckm-Yaglama-Dolap.jpg 567w, https:\/\/www.ckmtakimdolabi.com\/wp-content\/uploads\/2024\/09\/Ckm-Yaglama-Dolap-283x300.jpg 283w\" sizes=\"(max-width: 567px) 100vw, 567px\" \/>\t\t\t\t\t\t\t\t\t\t\t\t\t\t\t<\/div>\n\t\t\t\t<\/div>\n\t\t\t\t\t<\/div>\n\t\t<\/div>\n\t\t\t\t<div class=\"elementor-column elementor-col-50 elementor-inner-column elementor-element elementor-element-17927f7\" data-id=\"17927f7\" data-element_type=\"column\" data-e-type=\"column\">\n\t\t\t<div class=\"elementor-widget-wrap elementor-element-populated\">\n\t\t\t\t\t\t<div class=\"elementor-element elementor-element-c7dde1a elementor-widget elementor-widget-section_title\" data-id=\"c7dde1a\" data-element_type=\"widget\" data-e-type=\"widget\" data-widget_type=\"section_title.default\">\n\t\t\t\t<div class=\"elementor-widget-container\">\n\t\t\t\t\t\r\n\r\n\r\n<div class=\"gt-section-title-box \">   \r\n   \t\t<span class=\"gt-section-sub-title\">Hakk\u0131m\u0131zda<\/span>\r\n     \t<h5 class=\"gt-section-title\">Ckm Ya\u011flama Ne \u0130\u015f Yapar!<\/h5>     \t<p class=\"gt-section-description\"><div class=\"bt_bb_row_wrapper\"><div class=\"bt_bb_row\" data-bt-override-class=\"{}\" data-structure=\"12\"><div class=\"bt_bb_column col-md-12 col-ms-12 bt_bb_align_left bt_bb_vertical_align_top bt_bb_animation_fade_in move_up animate bt_bb_padding_normal bt_bb_animation_fade_in bt_bb_animation_move_up animate animated\" data-width=\"12\"><div class=\"bt_bb_column_content\"><header class=\"bt_bb_headline bt_bb_dash_top bt_bb_superheadline bt_bb_subheadline bt_bb_size_large bt_bb_align_inherit\" data-bt-override-class=\"{&quot;bt_bb_size_&quot;:{&quot;current_class&quot;:&quot;bt_bb_size_large&quot;,&quot;xxl&quot;:&quot;large&quot;,&quot;xl&quot;:&quot;large&quot;},&quot;bt_bb_align_&quot;:{&quot;current_class&quot;:&quot;bt_bb_align_inherit&quot;,&quot;xxl&quot;:&quot;inherit&quot;,&quot;xl&quot;:&quot;inherit&quot;}}\"><div class=\"bt_bb_headline_subheadline\">Mevcut imalat kapasitemizin % 60 \u0131n\u0131 T\u00fcrkiye genelinde pazarlamakta % 40 \u0131n\u0131 ise D\u00fcnyan\u0131n \u00e7e\u015fitli \u00fclkelerine ihra\u00e7 etmenin hakl\u0131 gururunu ya\u015famaktay\u0131z. Kurulu\u015fundan bug\u00fcne T\u00fcrk sanayisinin geli\u015fimine katk\u0131da bulunan ve bir\u00e7ok yeni yat\u0131r\u0131m\u0131 hayata ge\u00e7iren CKM YA\u011eLAMA, uzun y\u0131llar\u0131n verdi\u011fi tecr\u00fcbe ile sekt\u00f6rdeki kaliteyi her ge\u00e7en g\u00fcn artt\u0131rmaktad\u0131r.<\/div><\/header><div class=\"bt_bb_separator bt_bb_border_style_none bt_bb_bottom_spacing_medium\" data-bt-override-class=\"null\">\u00a0<\/div><\/div><\/div><\/div><\/div><div class=\"bt_bb_row_wrapper\"><div class=\"bt_bb_row bt_bb_column_gap_10\" data-bt-override-class=\"{}\" data-structure=\"6-6\"><div class=\"bt_bb_column col-md-6 col-sm-12 bt_bb_align_left bt_bb_vertical_align_top bt_bb_padding_normal\" data-width=\"6\"><div class=\"bt_bb_column_content\"><header class=\"bt_bb_headline bt_bb_dash_top bt_bb_superheadline bt_bb_superheadline_outside bt_bb_subheadline bt_bb_size_large bt_bb_align_inherit\" data-bt-override-class=\"{&quot;bt_bb_size_&quot;:{&quot;current_class&quot;:&quot;bt_bb_size_large&quot;,&quot;xxl&quot;:&quot;large&quot;,&quot;xl&quot;:&quot;large&quot;},&quot;bt_bb_align_&quot;:{&quot;current_class&quot;:&quot;bt_bb_align_inherit&quot;,&quot;xxl&quot;:&quot;inherit&quot;,&quot;xl&quot;:&quot;inherit&quot;}}\"><div class=\"bt_bb_headline_superheadline_outside\">\u00a0<\/div><\/header><\/div><\/div><\/div><\/div><\/div>\t\t\t\t<\/div>\n\t\t\t\t<\/div>\n\t\t\t\t<div class=\"elementor-element elementor-element-d73ff4d elementor-align-start elementor-icon-list--layout-traditional elementor-list-item-link-full_width elementor-widget elementor-widget-icon-list\" data-id=\"d73ff4d\" data-element_type=\"widget\" data-e-type=\"widget\" data-widget_type=\"icon-list.default\">\n\t\t\t\t<div class=\"elementor-widget-container\">\n\t\t\t\t\t\t\t<ul class=\"elementor-icon-list-items\">\n\t\t\t\t\t\t\t<li class=\"elementor-icon-list-item\">\n\t\t\t\t\t\t\t\t\t\t\t<span class=\"elementor-icon-list-icon\">\n\t\t\t\t\t\t\t<i aria-hidden=\"true\" class=\"ion ion-android-done-all\"><\/i>\t\t\t\t\t\t<\/span>\n\t\t\t\t\t\t\t\t\t\t<span class=\"elementor-icon-list-text\">Ayn\u0131 zamanda sekt\u00f6r\u00fcn\u00fcn \u00f6nde gelen markalar\u0131 ile \u00e7al\u0131\u015fan firmam\u0131z, teknik donan\u0131m ve Ar-Ge ye verdi\u011fi \u00f6nem ile sekt\u00f6r\u00fcn \u00f6nc\u00fc kurulu\u015flar\u0131 aras\u0131nda yer almaktad\u0131r. Bizi bug\u00fcn oldu\u011fumuz yere getiren, yenilik\u00e7i yakla\u015f\u0131m\u0131m\u0131zla daha fazla istihdam ve daha fazla m\u00fc\u015fteri memnuniyeti en b\u00fcy\u00fck dile\u011fimiz ve amac\u0131m\u0131zd\u0131r.<\/span>\n\t\t\t\t\t\t\t\t\t<\/li>\n\t\t\t\t\t\t<\/ul>\n\t\t\t\t\t\t<\/div>\n\t\t\t\t<\/div>\n\t\t\t\t\t<\/div>\n\t\t<\/div>\n\t\t\t\t\t<\/div>\n\t\t<\/div>\n\t\t\t\t\t<\/div>\n\t\t<\/div>\n\t\t\t\t\t<\/div>\n\t\t<\/div>\n\t\t\t\t<div class=\"elementor-section elementor-top-section elementor-element elementor-element-3556a65 elementor-section-full_width elementor-section-stretched gt-primary-left elementor-section-height-default elementor-section-height-default\" data-id=\"3556a65\" data-element_type=\"section\" data-e-type=\"section\" data-settings=\"{&quot;stretch_section&quot;:&quot;section-stretched&quot;,&quot;background_background&quot;:&quot;classic&quot;}\">\n\t\t\t\t\t\t\t<div class=\"elementor-background-overlay\"><\/div>\n\t\t\t\t\t\t\t<div class=\"elementor-container elementor-column-gap-default\">\n\t\t\t\t\t<div class=\"elementor-column elementor-col-100 elementor-top-column elementor-element elementor-element-eaa4b1e\" data-id=\"eaa4b1e\" data-element_type=\"column\" data-e-type=\"column\">\n\t\t\t<div class=\"elementor-widget-wrap elementor-element-populated\">\n\t\t\t\t\t\t<div class=\"elementor-section elementor-inner-section elementor-element elementor-element-ad57bee elementor-section-boxed elementor-section-height-default elementor-section-height-default\" data-id=\"ad57bee\" data-element_type=\"section\" data-e-type=\"section\">\n\t\t\t\t\t\t<div class=\"elementor-container elementor-column-gap-default\">\n\t\t\t\t\t<div class=\"elementor-column elementor-col-33 elementor-inner-column elementor-element elementor-element-b632d7e\" data-id=\"b632d7e\" data-element_type=\"column\" data-e-type=\"column\" data-settings=\"{&quot;background_background&quot;:&quot;classic&quot;}\">\n\t\t\t<div class=\"elementor-widget-wrap elementor-element-populated\">\n\t\t\t\t\t\t<div class=\"elementor-element elementor-element-c5aca5b gt-img-top-effect elementor-widget elementor-widget-image\" data-id=\"c5aca5b\" data-element_type=\"widget\" data-e-type=\"widget\" data-widget_type=\"image.default\">\n\t\t\t\t<div class=\"elementor-widget-container\">\n\t\t\t\t\t\t\t\t\t\t\t\t\t\t\t<img decoding=\"async\" width=\"567\" height=\"602\" src=\"https:\/\/www.ckmtakimdolabi.com\/wp-content\/uploads\/2024\/09\/ckmoil.jpg\" class=\"attachment-full size-full wp-image-13567\" alt=\"\" srcset=\"https:\/\/www.ckmtakimdolabi.com\/wp-content\/uploads\/2024\/09\/ckmoil.jpg 567w, https:\/\/www.ckmtakimdolabi.com\/wp-content\/uploads\/2024\/09\/ckmoil-283x300.jpg 283w\" sizes=\"(max-width: 567px) 100vw, 567px\" \/>\t\t\t\t\t\t\t\t\t\t\t\t\t\t\t<\/div>\n\t\t\t\t<\/div>\n\t\t\t\t\t<\/div>\n\t\t<\/div>\n\t\t\t\t<div class=\"elementor-column elementor-col-66 elementor-inner-column elementor-element elementor-element-fb9b8d1\" data-id=\"fb9b8d1\" data-element_type=\"column\" data-e-type=\"column\">\n\t\t\t<div class=\"elementor-widget-wrap elementor-element-populated\">\n\t\t\t\t\t\t<div class=\"elementor-element elementor-element-e53b06a elementor-widget elementor-widget-section_title\" data-id=\"e53b06a\" data-element_type=\"widget\" data-e-type=\"widget\" data-widget_type=\"section_title.default\">\n\t\t\t\t<div class=\"elementor-widget-container\">\n\t\t\t\t\t\r\n\r\n\r\n<div class=\"gt-section-title-box \">   \r\n   \t\t<span class=\"gt-section-sub-title\">Ckm Ya\u011flama<\/span>\r\n     \t<h5 class=\"gt-section-title\">CKM YA\u011eLAMA K\u0130MD\u0130R <\/h5>     \t<p class=\"gt-section-description\">2007 y\u0131l\u0131nda Cemre Kal\u0131p olarak kurulan firmam\u0131z, plastik ve al\u00fcminyum enjeksiyon kal\u0131p imalat\u0131 ile sanayi sekt\u00f6r\u00fcnde yer almaya ba\u015flam\u0131\u015ft\u0131r. Kal\u0131p sekt\u00f6r\u00fcnde edindi\u011fimiz tecr\u00fcbeleri 2011 y\u0131l\u0131 itibari ile tala\u015fl\u0131 seri imalat sekt\u00f6r\u00fcne ta\u015f\u0131yarak faaliyet alan\u0131m\u0131z\u0131 de\u011fi\u015ftirdik. Bu de\u011fi\u015fime \u00f6ncelikle makine parkurumuzu geni\u015fleterek ba\u015flad\u0131k. Seri imalat operasyonlar\u0131nda kullan\u0131lan d\u00fcnya markalar\u0131 olan tezgahlar\u0131 b\u00fcnyemize dahil ettik. M\u00fc\u015fterilerimize hatas\u0131z ve tam zaman\u0131nda par\u00e7a \u00fcretimi yapmaktay\u0131z.\n\n2016 y\u0131l\u0131 ba\u015flar\u0131nda ya\u011flama ekipmanlar\u0131 konusunda 33 y\u0131ll\u0131k tecr\u00fcbeye sahip bir ekiple bu sekt\u00f6rde faaliyetlerimize ba\u015flayarak\u00a0<strong>CKM YA\u011eLAMA<\/strong>\u00a0markas\u0131n\u0131 olu\u015fturduk. Kendi tesislerimizde seri \u00fcretimini yapmakta oldu\u011fumuz; Haval\u0131 Gres ve Ya\u011f Pompalar\u0131, Mekanik Gres ve Ya\u011f Pompalar\u0131, Karterden Ya\u011f Emme Pompalar\u0131, S\u0131v\u0131 Transfer Pompalar\u0131, Hortum Makaralar\u0131, S\u0131v\u0131 P\u00fcsk\u00fcrtme Pompalar\u0131, K\u00f6p\u00fck P\u00fcsk\u00fcrtme Pompalar\u0131, Sabit Seyyar Ya\u011flama Setleri ile sekt\u00f6rde hizmet vermekteyiz.<\/div>\t\t\t\t<\/div>\n\t\t\t\t<\/div>\n\t\t\t\t\t<\/div>\n\t\t<\/div>\n\t\t\t\t\t<\/div>\n\t\t<\/div>\n\t\t\t\t\t<\/div>\n\t\t<\/div>\n\t\t\t\t\t<\/div>\n\t\t<\/div>\n\t\t\t\t<div class=\"elementor-section elementor-top-section elementor-element elementor-element-d604df5 elementor-section-stretched elementor-section-boxed elementor-section-height-default elementor-section-height-default\" data-id=\"d604df5\" data-element_type=\"section\" data-e-type=\"section\" data-settings=\"{&quot;stretch_section&quot;:&quot;section-stretched&quot;,&quot;background_background&quot;:&quot;classic&quot;}\">\n\t\t\t\t\t\t\t<div class=\"elementor-background-overlay\"><\/div>\n\t\t\t\t\t\t\t<div class=\"elementor-container elementor-column-gap-default\">\n\t\t\t\t\t<div class=\"elementor-column elementor-col-100 elementor-top-column elementor-element elementor-element-6688b2a\" data-id=\"6688b2a\" data-element_type=\"column\" data-e-type=\"column\">\n\t\t\t<div class=\"elementor-widget-wrap elementor-element-populated\">\n\t\t\t\t\t\t<div class=\"elementor-section elementor-inner-section elementor-element elementor-element-d3e0a6c elementor-section-boxed elementor-section-height-default elementor-section-height-default\" data-id=\"d3e0a6c\" data-element_type=\"section\" data-e-type=\"section\">\n\t\t\t\t\t\t<div class=\"elementor-container elementor-column-gap-default\">\n\t\t\t\t\t<div class=\"elementor-column elementor-col-100 elementor-inner-column elementor-element elementor-element-13bdf14\" data-id=\"13bdf14\" data-element_type=\"column\" data-e-type=\"column\">\n\t\t\t<div class=\"elementor-widget-wrap elementor-element-populated\">\n\t\t\t\t\t\t<div class=\"elementor-element elementor-element-43a4cd0 elementor-widget elementor-widget-Popup_video\" data-id=\"43a4cd0\" data-element_type=\"widget\" data-e-type=\"widget\" data-widget_type=\"Popup_video.default\">\n\t\t\t\t<div class=\"elementor-widget-container\">\n\t\t\t\t\t\r\n<div class=\"gt-popup-video-block\">\r\n    <div class=\"gt-video-icon\" >\r\n        <a href=\"https:\/\/www.youtube.com\/watch?v=1Pu7P05DrkU\" class=\"gt-video popup-youtube\">\r\n        \t<i aria-hidden=\"true\" class=\"ion ion-play\"><\/i>        <\/a>\t            \r\n    <\/div>\r\n<\/div>\t\t\t\t<\/div>\n\t\t\t\t<\/div>\n\t\t\t\t\t<\/div>\n\t\t<\/div>\n\t\t\t\t\t<\/div>\n\t\t<\/div>\n\t\t\t\t\t<\/div>\n\t\t<\/div>\n\t\t\t\t\t<\/div>\n\t\t<\/div>\n\t\t\t\t<\/div>\n\t\t","protected":false},"excerpt":{"rendered":"<p>Hakk\u0131m\u0131zda Ckm Ya\u011flama Ne \u0130\u015f Yapar! Mevcut imalat kapasitemizin % 60 \u0131n\u0131 T\u00fcrkiye genelinde pazarlamakta % 40 \u0131n\u0131 ise D\u00fcnyan\u0131n \u00e7e\u015fitli \u00fclkelerine ihra\u00e7 etmenin hakl\u0131 gururunu ya\u015famaktay\u0131z. Kurulu\u015fundan bug\u00fcne T\u00fcrk sanayisinin geli\u015fimine katk\u0131da bulunan ve bir\u00e7ok yeni yat\u0131r\u0131m\u0131 hayata ge\u00e7iren CKM YA\u011eLAMA, uzun y\u0131llar\u0131n verdi\u011fi tecr\u00fcbe ile sekt\u00f6rdeki kaliteyi her ge\u00e7en g\u00fcn artt\u0131rmaktad\u0131r.\u00a0\u00a0 Ayn\u0131 zamanda [&hellip;]<\/p>\n","protected":false},"author":1,"featured_media":0,"parent":0,"menu_order":0,"comment_status":"closed","ping_status":"closed","template":"","meta":{"_acf_changed":false,"footnotes":""},"class_list":["post-1496","page","type-page","status-publish","hentry"],"acf":[],"_links":{"self":[{"href":"https:\/\/www.ckmtakimdolabi.com\/index.php?rest_route=\/wp\/v2\/pages\/1496","targetHints":{"allow":["GET"]}}],"collection":[{"href":"https:\/\/www.ckmtakimdolabi.com\/index.php?rest_route=\/wp\/v2\/pages"}],"about":[{"href":"https:\/\/www.ckmtakimdolabi.com\/index.php?rest_route=\/wp\/v2\/types\/page"}],"author":[{"embeddable":true,"href":"https:\/\/www.ckmtakimdolabi.com\/index.php?rest_route=\/wp\/v2\/users\/1"}],"replies":[{"embeddable":true,"href":"https:\/\/www.ckmtakimdolabi.com\/index.php?rest_route=%2Fwp%2Fv2%2Fcomments&post=1496"}],"version-history":[{"count":8,"href":"https:\/\/www.ckmtakimdolabi.com\/index.php?rest_route=\/wp\/v2\/pages\/1496\/revisions"}],"predecessor-version":[{"id":13571,"href":"https:\/\/www.ckmtakimdolabi.com\/index.php?rest_route=\/wp\/v2\/pages\/1496\/revisions\/13571"}],"wp:attachment":[{"href":"https:\/\/www.ckmtakimdolabi.com\/index.php?rest_route=%2Fwp%2Fv2%2Fmedia&parent=1496"}],"curies":[{"name":"wp","href":"https:\/\/api.w.org\/{rel}","templated":true}]}}