{"id":13341,"date":"2024-09-05T15:58:22","date_gmt":"2024-09-05T15:58:22","guid":{"rendered":"http:\/\/www.ckmtakimdolabi.com\/?post_type=product&#038;p=13341"},"modified":"2024-09-08T19:41:55","modified_gmt":"2024-09-08T19:41:55","slug":"ckm-tar4407-parca-tasima-arabasi-cekmecesiz","status":"publish","type":"product","link":"https:\/\/www.ckmtakimdolabi.com\/?product=ckm-tar4407-parca-tasima-arabasi-cekmecesiz","title":{"rendered":"Ckm TAR4407 Par\u00e7a Ta\u015f\u0131ma Arabas\u0131 \u00c7ekmecesiz"},"content":{"rendered":"<strong>Teknik \u00d6zellikler :<\/strong>\r\nEn : 605 mm\r\nDerinlik : 455 mm\r\nY\u00fckseklik : 870 mm\r\nTekerlekler : 3 ad d\u00f6nerli + 1 adet frenli d\u00f6nerli\u00a0 (R75mm)\r\nNet A\u011f\u0131rl\u0131k : 15 kg\r\n\r\n<strong>Technicial Specifications :<\/strong>\r\nWidth: 605 mm\r\nDepth: 455 mm\r\nHeight: 870 mm\r\nWheels: 3 swivel + 1 swivel with brake (R75 mm)\r\nNet Weight: 15 kg","protected":false},"excerpt":{"rendered":"<p><strong>Ckm TAR4407<\/strong> :\u00a0Par\u00e7a Ta\u015f\u0131ma Arabas\u0131 \u00c7ekmecesiz<\/p>\n","protected":false},"featured_media":13370,"template":"","meta":{"_acf_changed":false},"product_brand":[],"product_cat":[36],"product_tag":[],"class_list":{"0":"post-13341","1":"product","2":"type-product","3":"status-publish","4":"has-post-thumbnail","6":"product_cat-takim-tasiyicilar","8":"first","9":"instock","10":"shipping-taxable","11":"product-type-simple"},"acf":[],"_links":{"self":[{"href":"https:\/\/www.ckmtakimdolabi.com\/index.php?rest_route=\/wp\/v2\/product\/13341","targetHints":{"allow":["GET"]}}],"collection":[{"href":"https:\/\/www.ckmtakimdolabi.com\/index.php?rest_route=\/wp\/v2\/product"}],"about":[{"href":"https:\/\/www.ckmtakimdolabi.com\/index.php?rest_route=\/wp\/v2\/types\/product"}],"version-history":[{"count":1,"href":"https:\/\/www.ckmtakimdolabi.com\/index.php?rest_route=\/wp\/v2\/product\/13341\/revisions"}],"predecessor-version":[{"id":13625,"href":"https:\/\/www.ckmtakimdolabi.com\/index.php?rest_route=\/wp\/v2\/product\/13341\/revisions\/13625"}],"wp:featuredmedia":[{"embeddable":true,"href":"https:\/\/www.ckmtakimdolabi.com\/index.php?rest_route=\/wp\/v2\/media\/13370"}],"wp:attachment":[{"href":"https:\/\/www.ckmtakimdolabi.com\/index.php?rest_route=%2Fwp%2Fv2%2Fmedia&parent=13341"}],"wp:term":[{"taxonomy":"product_brand","embeddable":true,"href":"https:\/\/www.ckmtakimdolabi.com\/index.php?rest_route=%2Fwp%2Fv2%2Fproduct_brand&post=13341"},{"taxonomy":"product_cat","embeddable":true,"href":"https:\/\/www.ckmtakimdolabi.com\/index.php?rest_route=%2Fwp%2Fv2%2Fproduct_cat&post=13341"},{"taxonomy":"product_tag","embeddable":true,"href":"https:\/\/www.ckmtakimdolabi.com\/index.php?rest_route=%2Fwp%2Fv2%2Fproduct_tag&post=13341"}],"curies":[{"name":"wp","href":"https:\/\/api.w.org\/{rel}","templated":true}]}}