{"id":13343,"date":"2024-09-05T15:58:22","date_gmt":"2024-09-05T15:58:22","guid":{"rendered":"http:\/\/www.ckmtakimdolabi.com\/?post_type=product&#038;p=13343"},"modified":"2024-09-08T19:41:40","modified_gmt":"2024-09-08T19:41:40","slug":"ckm-tar4409-parca-tasima-arabasi-2-cekmeceli","status":"publish","type":"product","link":"https:\/\/www.ckmtakimdolabi.com\/?product=ckm-tar4409-parca-tasima-arabasi-2-cekmeceli","title":{"rendered":"Ckm TAR4409 \u2013 Par\u00e7a Ta\u015f\u0131ma Arabas\u0131 2 \u00c7ekmeceli"},"content":{"rendered":"<strong>Teknik \u00d6zellikler :<\/strong>\r\nEn : 605 mm\r\nDerinlik : 455 mm\r\nY\u00fckseklik : 870 mm\r\n\u00c7ekmece Adet ve \u00d6l\u00e7\u00fcs\u00fc : 2 ad x 100 mm\r\nTekerlekler : 3 ad d\u00f6nerli + 1 adet frenli d\u00f6nerli (R75mm)\r\nNet A\u011f\u0131rl\u0131k : 27 kg\r\n\r\n<strong>Technicial Specifications :<\/strong>\r\nWidth: 605 mm\r\nDepth: 455 mm\r\nHeight: 870 mm\r\nDrawer Quantity and Dimension: 2 x 100 mm\r\nWheels: 3 swivel + 1 swivel with brake (R75 mm)\r\nNet Weight: 27 kg","protected":false},"excerpt":{"rendered":"<p><strong>Ckm TAR4409\u00a0<\/strong>\u2013 Par\u00e7a Ta\u015f\u0131ma Arabas\u0131 2 \u00c7ekmeceli<\/p>\n","protected":false},"featured_media":13375,"template":"","meta":{"_acf_changed":false},"product_brand":[],"product_cat":[36],"product_tag":[],"class_list":{"0":"post-13343","1":"product","2":"type-product","3":"status-publish","4":"has-post-thumbnail","6":"product_cat-takim-tasiyicilar","8":"first","9":"instock","10":"shipping-taxable","11":"product-type-simple"},"acf":[],"_links":{"self":[{"href":"https:\/\/www.ckmtakimdolabi.com\/index.php?rest_route=\/wp\/v2\/product\/13343","targetHints":{"allow":["GET"]}}],"collection":[{"href":"https:\/\/www.ckmtakimdolabi.com\/index.php?rest_route=\/wp\/v2\/product"}],"about":[{"href":"https:\/\/www.ckmtakimdolabi.com\/index.php?rest_route=\/wp\/v2\/types\/product"}],"version-history":[{"count":1,"href":"https:\/\/www.ckmtakimdolabi.com\/index.php?rest_route=\/wp\/v2\/product\/13343\/revisions"}],"predecessor-version":[{"id":13623,"href":"https:\/\/www.ckmtakimdolabi.com\/index.php?rest_route=\/wp\/v2\/product\/13343\/revisions\/13623"}],"wp:featuredmedia":[{"embeddable":true,"href":"https:\/\/www.ckmtakimdolabi.com\/index.php?rest_route=\/wp\/v2\/media\/13375"}],"wp:attachment":[{"href":"https:\/\/www.ckmtakimdolabi.com\/index.php?rest_route=%2Fwp%2Fv2%2Fmedia&parent=13343"}],"wp:term":[{"taxonomy":"product_brand","embeddable":true,"href":"https:\/\/www.ckmtakimdolabi.com\/index.php?rest_route=%2Fwp%2Fv2%2Fproduct_brand&post=13343"},{"taxonomy":"product_cat","embeddable":true,"href":"https:\/\/www.ckmtakimdolabi.com\/index.php?rest_route=%2Fwp%2Fv2%2Fproduct_cat&post=13343"},{"taxonomy":"product_tag","embeddable":true,"href":"https:\/\/www.ckmtakimdolabi.com\/index.php?rest_route=%2Fwp%2Fv2%2Fproduct_tag&post=13343"}],"curies":[{"name":"wp","href":"https:\/\/api.w.org\/{rel}","templated":true}]}}