{"id":13481,"date":"2024-09-07T18:08:14","date_gmt":"2024-09-07T18:08:14","guid":{"rendered":"http:\/\/www.ckmtakimdolabi.com\/?post_type=product&#038;p=13481"},"modified":"2024-09-07T18:08:54","modified_gmt":"2024-09-07T18:08:54","slug":"ckm-alet-panosu","status":"publish","type":"product","link":"https:\/\/www.ckmtakimdolabi.com\/?product=ckm-alet-panosu","title":{"rendered":"Ckm \u2013 Alet Panosu"},"content":{"rendered":"<p data-sourcepos=\"5:1-5:22\"><strong>Teknik \u00d6zellikler:<\/strong><\/p>\r\n\r\n<ul data-sourcepos=\"7:1-9:5\">\r\n \t<li data-sourcepos=\"7:1-7:29\"><strong>Masa Geni\u015fli\u011fi:<\/strong>\u00a01000 mm<\/li>\r\n \t<li data-sourcepos=\"8:1-8:22\"><strong>Derinlik:<\/strong>\u00a0670 mm<\/li>\r\n \t<li data-sourcepos=\"9:1-9:5\"><strong>Y\u00fckseklik:<\/strong>\u00a01770 mm<\/li>\r\n \t<li data-sourcepos=\"10:1-10:37\"><strong>Masa Tablas\u0131 Y\u00fcksekli\u011fi:<\/strong>\u00a0870 mm<\/li>\r\n \t<li data-sourcepos=\"11:1-11:61\"><strong>\u00dcst Tabla:<\/strong>\u00a018 mm MDF, \u00dczeri 0.8 mm Galvaniz Sac Kaplama<\/li>\r\n \t<li data-sourcepos=\"12:1-12:43\"><strong>\u00c7ekmece Adet ve \u00d6l\u00e7\u00fcs\u00fc:<\/strong>\u00a01 ad x 100 mm<\/li>\r\n \t<li data-sourcepos=\"13:1-13:48\"><strong>\u00c7ekmece Ray Sistemi:<\/strong>\u00a0Teleskopik \/ Mandall\u0131<\/li>\r\n \t<li data-sourcepos=\"14:1-14:23\"><strong>Led Lamba:<\/strong>\u00a01 Adet<\/li>\r\n \t<li data-sourcepos=\"15:1-15:30\"><strong>Elektrik D\u00fc\u011fmesi:<\/strong>\u00a01 Adet<\/li>\r\n \t<li data-sourcepos=\"16:1-16:27\"><strong>Asma Kancas\u0131:<\/strong>\u00a020 Adet<\/li>\r\n \t<li data-sourcepos=\"17:1-17:26\"><strong>Tornavidal\u0131k:<\/strong>\u00a01 Adet<\/li>\r\n \t<li data-sourcepos=\"18:1-18:24\"><strong>Anahtarl\u0131k:<\/strong>\u00a01 Adet<\/li>\r\n \t<li data-sourcepos=\"19:1-20:0\"><strong>Net A\u011f\u0131rl\u0131k:<\/strong>\u00a056 kg<\/li>\r\n<\/ul>\r\n&nbsp;\r\n<ul data-sourcepos=\"7:1-9:5\">\r\n \t<li data-sourcepos=\"19:1-20:0\"><strong>Technicial Specifications:<\/strong>\r\n<ul data-sourcepos=\"7:1-9:5\">\r\n \t<li data-sourcepos=\"7:1-7:29\"><strong>Table Width:<\/strong>\u00a01000 mm<\/li>\r\n \t<li data-sourcepos=\"8:1-8:22\"><strong>Depth:<\/strong>\u00a0670 mm<\/li>\r\n \t<li data-sourcepos=\"9:1-9:5\"><strong>Height:<\/strong>\u00a01770 mm<\/li>\r\n \t<li data-sourcepos=\"10:1-10:37\"><strong>Table Top Height:<\/strong>\u00a0870 mm<\/li>\r\n \t<li data-sourcepos=\"11:1-11:61\"><strong>Top Table:<\/strong>\u00a018 mm MDF, \u00dczeri 0.8 mm Galvaniz Sac Kaplama<\/li>\r\n \t<li data-sourcepos=\"12:1-12:43\"><strong>Drawer Quantity and Dimension:<\/strong>\u00a01 ad x 100 mm<\/li>\r\n \t<li data-sourcepos=\"13:1-13:48\"><strong>Drawer Rail System:<\/strong>\u00a0Teleskopik \/ Mandall\u0131<\/li>\r\n \t<li data-sourcepos=\"14:1-14:23\"><strong>Led Lamp:<\/strong>\u00a01 Adet<\/li>\r\n \t<li data-sourcepos=\"15:1-15:30\"><strong>Electric Button:<\/strong>\u00a01 Adet<\/li>\r\n \t<li data-sourcepos=\"16:1-16:27\"><strong>Hanging Hook:<\/strong>\u00a020 Adet<\/li>\r\n \t<li data-sourcepos=\"17:1-17:26\"><strong>Screwdriver Holder:<\/strong>\u00a01 Adet<\/li>\r\n \t<li data-sourcepos=\"18:1-18:24\"><strong>Keychain:<\/strong>\u00a01 Adet<\/li>\r\n \t<li data-sourcepos=\"19:1-20:0\"><strong>Net Weight:<\/strong>\u00a056 kg<\/li>\r\n<\/ul>\r\n<\/li>\r\n<\/ul>","protected":false},"excerpt":{"rendered":"<p data-sourcepos=\"5:1-5:22\"><strong>Ckm TTR4401\u00a0<\/strong>\u2013 \u00c7al\u0131\u015fma Masas\u0131 1 mt 1 \u00c7ekmece<\/p>\n","protected":false},"featured_media":13388,"template":"","meta":{"_acf_changed":false},"product_brand":[],"product_cat":[33],"product_tag":[],"class_list":{"0":"post-13481","1":"product","2":"type-product","3":"status-publish","4":"has-post-thumbnail","6":"product_cat-alet-panosu","8":"first","9":"instock","10":"shipping-taxable","11":"product-type-simple"},"acf":[],"_links":{"self":[{"href":"https:\/\/www.ckmtakimdolabi.com\/index.php?rest_route=\/wp\/v2\/product\/13481","targetHints":{"allow":["GET"]}}],"collection":[{"href":"https:\/\/www.ckmtakimdolabi.com\/index.php?rest_route=\/wp\/v2\/product"}],"about":[{"href":"https:\/\/www.ckmtakimdolabi.com\/index.php?rest_route=\/wp\/v2\/types\/product"}],"version-history":[{"count":0,"href":"https:\/\/www.ckmtakimdolabi.com\/index.php?rest_route=\/wp\/v2\/product\/13481\/revisions"}],"wp:featuredmedia":[{"embeddable":true,"href":"https:\/\/www.ckmtakimdolabi.com\/index.php?rest_route=\/wp\/v2\/media\/13388"}],"wp:attachment":[{"href":"https:\/\/www.ckmtakimdolabi.com\/index.php?rest_route=%2Fwp%2Fv2%2Fmedia&parent=13481"}],"wp:term":[{"taxonomy":"product_brand","embeddable":true,"href":"https:\/\/www.ckmtakimdolabi.com\/index.php?rest_route=%2Fwp%2Fv2%2Fproduct_brand&post=13481"},{"taxonomy":"product_cat","embeddable":true,"href":"https:\/\/www.ckmtakimdolabi.com\/index.php?rest_route=%2Fwp%2Fv2%2Fproduct_cat&post=13481"},{"taxonomy":"product_tag","embeddable":true,"href":"https:\/\/www.ckmtakimdolabi.com\/index.php?rest_route=%2Fwp%2Fv2%2Fproduct_tag&post=13481"}],"curies":[{"name":"wp","href":"https:\/\/api.w.org\/{rel}","templated":true}]}}